{"id":11,"date":"2024-07-22T07:08:24","date_gmt":"2024-07-22T07:08:24","guid":{"rendered":"https:\/\/salut.cl.h2g.pl\/index.php\/bezpieczenstwo-it\/"},"modified":"2024-09-11T07:59:39","modified_gmt":"2024-09-11T07:59:39","slug":"bezpieczenstwo-it","status":"publish","type":"page","link":"https:\/\/salutaris.com.pl\/index.php\/bezpieczenstwo-it\/","title":{"rendered":"Cyberbezpiecze\u0144stwo"},"content":{"rendered":"\n<div style=\"height:50px\" aria-hidden=\"true\" class=\"wp-block-spacer\"><\/div>\n\n\n\n<h3 class=\"wp-block-heading\">Korzy\u015bci klienta zwi\u0105zane z us\u0142ug\u0105 zapewnienia bezpiecze\u0144stwa danych i system\u00f3w<\/h3>\n\n\n\n<p>Ograniczenie w spos\u00f3b istotny potencjalnych ryzyk zwi\u0105zanych utrat\u0105 cz\u0119\u015bci danych.<br>Zabezpieczenie przed nieuprawnionym dost\u0119pem do informacji b\u0119d\u0105cych tajemnic\u0105 przedsi\u0119biorstwa.<br>Ograniczenie ryzyka czasowego przerwania ci\u0105g\u0142o\u015bci dzia\u0142ania firmy.<br>Podniesienie poziomu bezpiecze\u0144stwa IT.<br>Znaczna redukcja koszt\u00f3w zwi\u0105zana z odtwarzaniem danych i przywracaniem do pracy infrastruktury IT.<\/p>\n\n\n<div class=\"n2-section-smartslider fitvidsignore  n2_clear\" data-ssid=\"27\"><div id=\"n2-ss-27-align\" class=\"n2-ss-align\"><div class=\"n2-padding\"><div id=\"n2-ss-27\" data-creator=\"Smart Slider 3\" data-responsive=\"auto\" class=\"n2-ss-slider n2-ow n2-has-hover n2notransition  \">\n        <div class=\"n2-ss-slider-1 n2_ss__touch_element n2-ow\">\n            <div class=\"n2-ss-slider-2 n2-ow\">\n                                                <div class=\"n2-ss-slider-3 n2-ow\">\n\n                    <div class=\"n2-ss-slide-backgrounds n2-ow-all\"><div class=\"n2-ss-slide-background\" data-public-id=\"1\" data-mode=\"fill\"><div data-color=\"RGBA(255,255,255,0)\" style=\"background-color: RGBA(255,255,255,0);\" class=\"n2-ss-slide-background-color\"><\/div><\/div><\/div>                    <div class=\"n2-ss-slider-4 n2-ow\">\n                        <svg xmlns=\"http:\/\/www.w3.org\/2000\/svg\" viewBox=\"0 0 1355 600\" data-related-device=\"desktopPortrait\" class=\"n2-ow n2-ss-preserve-size n2-ss-preserve-size--slider n2-ss-slide-limiter\"><\/svg><div data-first=\"1\" data-slide-duration=\"0\" data-id=\"53\" data-slide-public-id=\"1\" data-title=\"Slide\" class=\"n2-ss-slide n2-ow  n2-ss-slide-53\"><div role=\"note\" class=\"n2-ss-slide--focus\" tabindex=\"-1\">Slide<\/div><div class=\"n2-ss-layers-container n2-ss-slide-limiter n2-ow\"><div class=\"n2-ss-layer n2-ow n-uc-DWbCuwpIItXE\" data-sstype=\"slide\" data-pm=\"default\"><div class=\"n2-ss-layer n2-ow n-uc-yfLpK9MSXJAQ\" data-pm=\"default\" data-sstype=\"content\" data-hasbackground=\"0\"><div class=\"n2-ss-section-main-content n2-ss-layer-with-background n2-ss-layer-content n2-ow n-uc-yfLpK9MSXJAQ-inner\"><div class=\"n2-ss-layer n2-ow n2-ss-layer--block n2-ss-has-self-align n-uc-1bf5f6b1fb1db\" data-pm=\"normal\" data-sstype=\"row\"><div class=\"n2-ss-layer-row n2-ss-layer-with-background n-uc-1bf5f6b1fb1db-inner\"><div class=\"n2-ss-layer-row-inner \"><div class=\"n2-ss-layer n2-ow ishadow2 n-uc-1ad3839a5aa3a\" data-pm=\"default\" data-sstype=\"col\"><div class=\"n2-ss-layer-col n2-ss-layer-with-background n2-ss-layer-content n-uc-1ad3839a5aa3a-inner\"><div class=\"n2-ss-layer n2-ow n-uc-pO6xZEhyKX1C n2-ss-layer--auto\" data-pm=\"normal\" data-animv2=\"{&quot;basic&quot;:{&quot;in&quot;:{&quot;type&quot;:&quot;basic&quot;,&quot;name&quot;:&quot;Left fade&quot;,&quot;keyFrames&quot;:[{&quot;duration&quot;:0.5,&quot;opacity&quot;:0,&quot;x&quot;:&quot;50&quot;}]}}}\" data-sstype=\"layer\"><div class=\"n2-ss-item-imagebox-container n2-ss-item-content n2-ow-all n2-style-f8293b450b12ef15d5c4ff97a617a3e3-heading \" data-layout=\"top\" style=\"text-align:left;--ssselfalign:var(--ss-fs);\"><div class=\"n2-ss-item-imagebox-image\"><a href=\"\/index.php\/bezpieczenstwo-it\/tworzenie-zapasow-replikacji-danych\/\"><picture class=\"skip-lazy\" data-skip-lazy=\"1\"><img loading=\"lazy\" decoding=\"async\" alt=\"\" style=\"max-width:100%;\" class=\"skip-lazy\" width=\"600\" height=\"300\" data-skip-lazy=\"1\" src=\"\/\/salutaris.com.pl\/wp-content\/uploads\/2024\/09\/Backup.jpg\" \/><\/picture><\/a><\/div><div class=\"n2-ss-item-imagebox-content\" style=\"padding:10px 10px 10px 10px\"><a href=\"\/index.php\/bezpieczenstwo-it\/tworzenie-zapasow-replikacji-danych\/\"><hdiv class=\"n2-font-37d77863b0aad14efce3ee00cbe7a4f4-hover \">Tworzenie Kopii zapasowych i Replikacja Danych<\/hdiv><\/a><\/div><\/div><\/div><\/div><\/div><div class=\"n2-ss-layer n2-ow ishadow2 n-uc-1c1cddfc88f38\" data-pm=\"default\" data-sstype=\"col\"><div class=\"n2-ss-layer-col n2-ss-layer-with-background n2-ss-layer-content n-uc-1c1cddfc88f38-inner\"><div class=\"n2-ss-layer n2-ow n-uc-zcgnrR4OBSEW n2-ss-layer--auto\" data-pm=\"normal\" data-animv2=\"{&quot;basic&quot;:{&quot;in&quot;:{&quot;type&quot;:&quot;basic&quot;,&quot;name&quot;:&quot;Left fade&quot;,&quot;keyFrames&quot;:[{&quot;duration&quot;:0.5,&quot;opacity&quot;:0,&quot;x&quot;:&quot;50&quot;}]}}}\" data-sstype=\"layer\"><div class=\"n2-ss-item-imagebox-container n2-ss-item-content n2-ow-all \" data-layout=\"top\" style=\"text-align:left;--ssselfalign:var(--ss-fs);\"><div class=\"n2-ss-item-imagebox-image\"><a href=\"\/index.php\/bezpieczenstwo-it\/tworzenie-zapasow-replikacji-danych\/\"><picture class=\"skip-lazy\" data-skip-lazy=\"1\"><img loading=\"lazy\" decoding=\"async\" alt=\"\" style=\"max-width:100%;\" class=\"skip-lazy\" width=\"1920\" height=\"960\" data-skip-lazy=\"1\" src=\"\/\/salutaris.com.pl\/wp-content\/uploads\/2024\/08\/mfabanner.jpg\" \/><\/picture><\/a><\/div><div class=\"n2-ss-item-imagebox-content\" style=\"padding:10px 10px 10px 10px\"><a href=\"\/index.php\/bezpieczenstwo-it\/tworzenie-zapasow-replikacji-danych\/\"><hdiv class=\"n2-font-9c174965c4b50f021c7905b568ba610f-hover \">Uwierzytelnianie Wielosk\u0142adnikowe (MFA)<\/hdiv><\/a><\/div><\/div><\/div><\/div><\/div><div class=\"n2-ss-layer n2-ow ishadow2 n-uc-19c3cc0705e44\" data-pm=\"default\" data-sstype=\"col\"><div class=\"n2-ss-layer-col n2-ss-layer-with-background n2-ss-layer-content n-uc-19c3cc0705e44-inner\"><div class=\"n2-ss-layer n2-ow n-uc-M2noWPiQ4XeY n2-ss-layer--auto\" data-pm=\"normal\" data-animv2=\"{&quot;basic&quot;:{&quot;in&quot;:{&quot;type&quot;:&quot;basic&quot;,&quot;name&quot;:&quot;Left fade&quot;,&quot;keyFrames&quot;:[{&quot;duration&quot;:0.5,&quot;opacity&quot;:0,&quot;x&quot;:&quot;50&quot;}]}}}\" data-sstype=\"layer\"><div class=\"n2-ss-item-imagebox-container n2-ss-item-content n2-ow-all \" data-layout=\"top\" style=\"text-align:left;--ssselfalign:var(--ss-fs);\"><div class=\"n2-ss-item-imagebox-image\"><a href=\"\/index.php\/bezpieczenstwo-it\/tworzenie-zapasow-replikacji-danych\/\"><picture class=\"skip-lazy\" data-skip-lazy=\"1\"><img loading=\"lazy\" decoding=\"async\" alt=\"\" style=\"max-width:100%;\" class=\"skip-lazy\" width=\"600\" height=\"300\" data-skip-lazy=\"1\" src=\"\/\/salutaris.com.pl\/wp-content\/uploads\/2024\/09\/firewall.jpg\" \/><\/picture><\/a><\/div><div class=\"n2-ss-item-imagebox-content\" style=\"padding:10px 10px 10px 10px\"><a href=\"\/index.php\/bezpieczenstwo-it\/tworzenie-zapasow-replikacji-danych\/\"><hdiv class=\"n2-font-9c174965c4b50f021c7905b568ba610f-hover \">Zapory sieciowe UTM<\/hdiv><\/a><\/div><\/div><\/div><\/div><\/div><\/div><\/div><\/div><div class=\"n2-ss-layer n2-ow n2-ss-layer--block n2-ss-has-self-align n-uc-14dc66466cc0e\" data-pm=\"normal\" data-sstype=\"row\"><div class=\"n2-ss-layer-row n2-ss-layer-with-background n-uc-14dc66466cc0e-inner\"><div class=\"n2-ss-layer-row-inner \"><div class=\"n2-ss-layer n2-ow ishadow2 n-uc-157442494bd53\" data-pm=\"default\" data-sstype=\"col\"><div class=\"n2-ss-layer-col n2-ss-layer-with-background n2-ss-layer-content n-uc-157442494bd53-inner\"><div class=\"n2-ss-layer n2-ow n-uc-wczHdhsJqTD8 n2-ss-layer--auto\" data-pm=\"normal\" data-animv2=\"{&quot;basic&quot;:{&quot;in&quot;:{&quot;type&quot;:&quot;basic&quot;,&quot;name&quot;:&quot;Left fade&quot;,&quot;keyFrames&quot;:[{&quot;duration&quot;:0.5,&quot;opacity&quot;:0,&quot;x&quot;:&quot;50&quot;}]}}}\" data-sstype=\"layer\"><div class=\"n2-ss-item-imagebox-container n2-ss-item-content n2-ow-all \" data-layout=\"top\" style=\"text-align:left;--ssselfalign:var(--ss-fs);\"><div class=\"n2-ss-item-imagebox-image\"><a href=\"\/index.php\/bezpieczenstwo-it\/tworzenie-zapasow-replikacji-danych\/\"><picture class=\"skip-lazy\" data-skip-lazy=\"1\"><img loading=\"lazy\" decoding=\"async\" alt=\"\" style=\"max-width:100%;\" class=\"skip-lazy\" width=\"600\" height=\"300\" data-skip-lazy=\"1\" src=\"\/\/salutaris.com.pl\/wp-content\/uploads\/2024\/09\/monitorowanie.jpg\" \/><\/picture><\/a><\/div><div class=\"n2-ss-item-imagebox-content\" style=\"padding:10px 10px 10px 10px\"><a href=\"\/index.php\/bezpieczenstwo-it\/tworzenie-zapasow-replikacji-danych\/\"><hdiv class=\"n2-font-9c174965c4b50f021c7905b568ba610f-hover \">Monitorowanie serwer\u00f3w i sieci<\/hdiv><\/a><\/div><\/div><\/div><\/div><\/div><div class=\"n2-ss-layer n2-ow ishadow2 n-uc-198a31428002a\" data-pm=\"default\" data-sstype=\"col\"><div class=\"n2-ss-layer-col n2-ss-layer-with-background n2-ss-layer-content n-uc-198a31428002a-inner\"><div class=\"n2-ss-layer n2-ow n-uc-HbNpcace0cci n2-ss-layer--auto\" data-pm=\"normal\" data-animv2=\"{&quot;basic&quot;:{&quot;in&quot;:{&quot;type&quot;:&quot;basic&quot;,&quot;name&quot;:&quot;Left fade&quot;,&quot;keyFrames&quot;:[{&quot;duration&quot;:0.5,&quot;opacity&quot;:0,&quot;x&quot;:&quot;50&quot;}]}}}\" data-sstype=\"layer\"><div class=\"n2-ss-item-imagebox-container n2-ss-item-content n2-ow-all \" data-layout=\"top\" style=\"text-align:left;--ssselfalign:var(--ss-fs);\"><div class=\"n2-ss-item-imagebox-image\"><a href=\"\/index.php\/bezpieczenstwo-it\/tworzenie-zapasow-replikacji-danych\/\"><picture class=\"skip-lazy\" data-skip-lazy=\"1\"><img loading=\"lazy\" decoding=\"async\" alt=\"\" style=\"max-width:100%;\" class=\"skip-lazy\" width=\"600\" height=\"300\" data-skip-lazy=\"1\" src=\"\/\/salutaris.com.pl\/wp-content\/uploads\/2024\/09\/nis2.jpg\" \/><\/picture><\/a><\/div><div class=\"n2-ss-item-imagebox-content\" style=\"padding:10px 10px 10px 10px\"><a href=\"\/index.php\/bezpieczenstwo-it\/tworzenie-zapasow-replikacji-danych\/\"><hdiv class=\"n2-font-9c174965c4b50f021c7905b568ba610f-hover \">DYREKTYWA UNIJNA NIS 2<\/hdiv><\/a><\/div><\/div><\/div><\/div><\/div><div class=\"n2-ss-layer n2-ow ishadow2 n-uc-1668681aae950\" data-pm=\"default\" data-sstype=\"col\"><div class=\"n2-ss-layer-col n2-ss-layer-with-background n2-ss-layer-content n-uc-1668681aae950-inner\"><div class=\"n2-ss-layer n2-ow n-uc-7DXdI7GpNVRq n2-ss-layer--auto\" data-pm=\"normal\" data-animv2=\"{&quot;basic&quot;:{&quot;in&quot;:{&quot;type&quot;:&quot;basic&quot;,&quot;name&quot;:&quot;Left fade&quot;,&quot;keyFrames&quot;:[{&quot;duration&quot;:0.5,&quot;opacity&quot;:0,&quot;x&quot;:&quot;50&quot;}]}}}\" data-sstype=\"layer\"><div class=\"n2-ss-item-imagebox-container n2-ss-item-content n2-ow-all \" data-layout=\"top\" style=\"text-align:left;--ssselfalign:var(--ss-fs);\"><div class=\"n2-ss-item-imagebox-image\"><a href=\"\/index.php\/bezpieczenstwo-it\/tworzenie-zapasow-replikacji-danych\/\"><picture class=\"skip-lazy\" data-skip-lazy=\"1\"><img loading=\"lazy\" decoding=\"async\" alt=\"\" style=\"max-width:100%;\" class=\"skip-lazy\" width=\"600\" height=\"300\" data-skip-lazy=\"1\" src=\"\/\/salutaris.com.pl\/wp-content\/uploads\/2024\/09\/szkolenia.jpg\" \/><\/picture><\/a><\/div><div class=\"n2-ss-item-imagebox-content\" style=\"padding:10px 10px 10px 10px\"><a href=\"\/index.php\/bezpieczenstwo-it\/tworzenie-zapasow-replikacji-danych\/\"><hdiv class=\"n2-font-9c174965c4b50f021c7905b568ba610f-hover \">Szkolenia z Cyberbezpiecze\u0144stwa<\/hdiv><\/a><\/div><\/div><\/div><\/div><\/div><\/div><\/div><\/div><div class=\"n2-ss-layer n2-ow n2-ss-layer--block n2-ss-has-self-align n-uc-1f8be020de583\" data-pm=\"normal\" data-sstype=\"row\"><div class=\"n2-ss-layer-row n2-ss-layer-with-background n-uc-1f8be020de583-inner\"><div class=\"n2-ss-layer-row-inner \"><div class=\"n2-ss-layer n2-ow ishadow2 n-uc-1386f7157ac7e\" data-pm=\"default\" data-sstype=\"col\"><div class=\"n2-ss-layer-col n2-ss-layer-with-background n2-ss-layer-content n-uc-1386f7157ac7e-inner\"><div class=\"n2-ss-layer n2-ow n-uc-n83iywiw7XDc n2-ss-layer--auto\" data-pm=\"normal\" data-animv2=\"{&quot;basic&quot;:{&quot;in&quot;:{&quot;type&quot;:&quot;basic&quot;,&quot;name&quot;:&quot;Left fade&quot;,&quot;keyFrames&quot;:[{&quot;duration&quot;:0.5,&quot;opacity&quot;:0,&quot;x&quot;:&quot;50&quot;}]}}}\" data-sstype=\"layer\"><div class=\"n2-ss-item-imagebox-container n2-ss-item-content n2-ow-all \" data-layout=\"top\" style=\"text-align:left;--ssselfalign:var(--ss-fs);\"><div class=\"n2-ss-item-imagebox-image\"><a href=\"\/index.php\/bezpieczenstwo-it\/tworzenie-zapasow-replikacji-danych\/\"><picture class=\"skip-lazy\" data-skip-lazy=\"1\"><img loading=\"lazy\" decoding=\"async\" alt=\"\" style=\"max-width:100%;\" class=\"skip-lazy\" width=\"600\" height=\"300\" data-skip-lazy=\"1\" src=\"\/\/salutaris.com.pl\/wp-content\/uploads\/2024\/09\/audyty.jpg\" \/><\/picture><\/a><\/div><div class=\"n2-ss-item-imagebox-content\" style=\"padding:10px 10px 10px 10px\"><a href=\"\/index.php\/bezpieczenstwo-it\/tworzenie-zapasow-replikacji-danych\/\"><hdiv class=\"n2-font-9c174965c4b50f021c7905b568ba610f-hover \">Audyty cyberbezpieczenstwa<\/hdiv><\/a><\/div><\/div><\/div><\/div><\/div><div class=\"n2-ss-layer n2-ow n-uc-13bd463d9cae9\" data-pm=\"default\" data-sstype=\"col\"><div class=\"n2-ss-layer-col n2-ss-layer-with-background n2-ss-layer-content n-uc-13bd463d9cae9-inner\"><\/div><\/div><div class=\"n2-ss-layer n2-ow n-uc-1e244254ff61e\" data-pm=\"default\" data-sstype=\"col\"><div class=\"n2-ss-layer-col n2-ss-layer-with-background n2-ss-layer-content n-uc-1e244254ff61e-inner\"><\/div><\/div><\/div><\/div><\/div><\/div><\/div><\/div><\/div><\/div>                    <\/div>\n\n                                    <\/div>\n            <\/div>\n        <\/div>\n        <\/div><ss3-loader><\/ss3-loader><\/div><\/div><div class=\"n2_clear\"><\/div><\/div>","protected":false},"excerpt":{"rendered":"<p>Korzy\u015bci klienta zwi\u0105zane z us\u0142ug\u0105 zapewnienia bezpiecze\u0144stwa danych i system\u00f3w Ograniczenie w spos\u00f3b istotny potencjalnych ryzyk zwi\u0105zanych utrat\u0105 cz\u0119\u015bci danych.Zabezpieczenie przed nieuprawnionym dost\u0119pem do informacji b\u0119d\u0105cych tajemnic\u0105 przedsi\u0119biorstwa.Ograniczenie ryzyka czasowego przerwania ci\u0105g\u0142o\u015bci dzia\u0142ania firmy.Podniesienie poziomu bezpiecze\u0144stwa IT.Znaczna redukcja koszt\u00f3w zwi\u0105zana z odtwarzaniem danych i przywracaniem do pracy infrastruktury IT.<\/p>\n","protected":false},"author":2,"featured_media":0,"parent":0,"menu_order":11,"comment_status":"closed","ping_status":"closed","template":"","meta":{"footnotes":""},"class_list":["post-11","page","type-page","status-publish","hentry"],"_links":{"self":[{"href":"https:\/\/salutaris.com.pl\/index.php\/wp-json\/wp\/v2\/pages\/11","targetHints":{"allow":["GET"]}}],"collection":[{"href":"https:\/\/salutaris.com.pl\/index.php\/wp-json\/wp\/v2\/pages"}],"about":[{"href":"https:\/\/salutaris.com.pl\/index.php\/wp-json\/wp\/v2\/types\/page"}],"author":[{"embeddable":true,"href":"https:\/\/salutaris.com.pl\/index.php\/wp-json\/wp\/v2\/users\/2"}],"replies":[{"embeddable":true,"href":"https:\/\/salutaris.com.pl\/index.php\/wp-json\/wp\/v2\/comments?post=11"}],"version-history":[{"count":11,"href":"https:\/\/salutaris.com.pl\/index.php\/wp-json\/wp\/v2\/pages\/11\/revisions"}],"predecessor-version":[{"id":568,"href":"https:\/\/salutaris.com.pl\/index.php\/wp-json\/wp\/v2\/pages\/11\/revisions\/568"}],"wp:attachment":[{"href":"https:\/\/salutaris.com.pl\/index.php\/wp-json\/wp\/v2\/media?parent=11"}],"curies":[{"name":"wp","href":"https:\/\/api.w.org\/{rel}","templated":true}]}}